{"id":5497,"date":"2019-12-28T03:59:05","date_gmt":"2019-12-28T03:59:05","guid":{"rendered":"https:\/\/sph.net.br\/site\/?page_id=5497"},"modified":"2021-07-05T02:04:58","modified_gmt":"2021-07-05T05:04:58","slug":"impressao-fine-art","status":"publish","type":"page","link":"https:\/\/sph.net.br\/site\/impressao-fine-art\/","title":{"rendered":"IMPRESS\u00c3O FINE ART"},"content":{"rendered":"\n<figure class=\"wp-block-image size-large\"><img loading=\"lazy\" width=\"1024\" height=\"120\" src=\"https:\/\/sph.net.br\/site\/wp-content\/uploads\/2019\/12\/expos-1024x120.png\" alt=\"\" class=\"wp-image-5498\" srcset=\"https:\/\/sph.net.br\/site\/wp-content\/uploads\/2019\/12\/expos-1024x120.png 1024w, https:\/\/sph.net.br\/site\/wp-content\/uploads\/2019\/12\/expos-300x35.png 300w, https:\/\/sph.net.br\/site\/wp-content\/uploads\/2019\/12\/expos-768x90.png 768w, https:\/\/sph.net.br\/site\/wp-content\/uploads\/2019\/12\/expos-600x71.png 600w, https:\/\/sph.net.br\/site\/wp-content\/uploads\/2019\/12\/expos.png 1301w\" sizes=\"(max-width: 1024px) 100vw, 1024px\" \/><\/figure>\n\n\n\n<p>Veja como n\u00f3s fazemos e a tecnologia que usamos:<\/p>\n\n\n\n<p><strong>Impressora:<\/strong>\u00a0Canon imagePROGRAF PRO-1000<br>Impressora profissional, com 12 cores e tinta com pigmento mineral.<br>Reproduz as cores da forma como devem ser visualizadas, atrav\u00e9s da an\u00e1lise otimizada e da mistura de tons. O Sistema OIG (Optimum Image Generation) utiliza duas tecnologias principais: a primeira \u00e9 um sofisticado equil\u00edbrio da mistura de tintas provenientes de v\u00e1rias formas de combina\u00e7\u00f5es e de uma avan\u00e7ada an\u00e1lise: o Sistema calcula cuidadosamente os melhores resultados para cada modo de impress\u00e3o e tipo de papel a ser usado, levando em considera\u00e7\u00e3o v\u00e1rios fatores de imagem, incluindo reprodu\u00e7\u00e3o de cor, grada\u00e7\u00f5es tonais, densidade de preto, baixa granula\u00e7\u00e3o, brilho, &#8220;anti-bronzing&#8221; e antimetamerismo. Esses princ\u00edpios cr\u00edticos de equil\u00edbrio de tinta prov\u00eam do conhecimento da Canon em tecnologia de processamento de imagem e reproduzem as cores com a familiaridade que as pessoas as veem e lembram. A segunda tecnologia utilizada pelo Sistema OIG \u00e9 o balanceamento de reprodu\u00e7\u00e3o de cor, grada\u00e7\u00f5es tonais e brilho uniforme.<\/p>\n\n\n\n<p><strong><em>Tinta: <\/em><\/strong>Lucia System Pro Ink &#8211; alta fidelidade e durabilidade<br>As tintas profissionais de pigmenta\u00e7\u00e3o LUCIA proporcionam uma reprodu\u00e7\u00e3o de cores precisas. <\/p>\n\n\n\n<p><strong><em>Durabilidade:<\/em><\/strong> Pode durar aproximadamente 200 anos no \u00e1lbum de fotografias, 80 anos em exibi\u00e7\u00e3o atr\u00e1s de um vidro (resist\u00eancia \u00e0 luz) e 50 anos sem o vidro (resist\u00eancia aos gases da atmosfera).<\/p>\n\n\n\n<p><strong>Impressora:<\/strong>\u00a0HP L\u00e1tex 570<br>Impress\u00e3o com transi\u00e7\u00f5es suaves e detalhes mais precisos com 6 cores e 1200 dpi reais.<br>Possui um espectrofot\u00f4metro embutido para cria\u00e7\u00e3o de perfis.<br>Al\u00e9m das tintas, a HP L\u00e1tex possui um cartucho otimizador.<br>Ao iniciar a impress\u00e3o, o otimizador \u00e9 depositado antes das tintas e, na sequ\u00eancia, a tinta \u00e9 depositada sobre o otimizador.<br>A tinta \u00e9 composta por \u00e1gua, pigmentos e part\u00edculas de L\u00e1tex.<br>O otimizador possui carga positiva e a tinta, carga negativa; dessa maneira o pontos permanecem em seu local definitivo.<br>A impress\u00e3o avan\u00e7a para o \u00fanico aquecedor que evapora a \u00e1gua da tinta e derrete as part\u00edculas de l\u00e1tex encapsulando os pigmentos de tinta.<br>O resultado \u00e9 um impresso seco instantaneamente, pronto para aplica\u00e7\u00e3o ou acabamento, com qualidade consistente mesmo em alta velocidade.<\/p>\n\n\n\n<p><strong><em>Tinta:<\/em><\/strong>\u00a0HP L\u00e1tex 831 \u2013 3a. Gera\u00e7\u00e3o<br>A tinta \u00e9 composta por \u00e1gua, pigmentos e part\u00edculas de L\u00e1tex.<br>Atende a altos padr\u00f5es: as tintas HP L\u00e1tex t\u00eam certifica\u00e7\u00f5es UL ECOLOGO\u00ae e UL GREENGUARD GOLD, e os impressos atendem aos crit\u00e9rios da AgBB.<br>Alta resist\u00eancia a arranh\u00f5es.<\/p>\n\n\n\n<p><em><strong>Durabilidade<\/strong>&nbsp;<\/em>( Ambientes internos sem exposi\u00e7\u00e3o direta \u00e0 luz solar):<br>Pap\u00e9is \u2013 At\u00e9 60 anos<br>Vinil autoadesivo \u2013 At\u00e9 200 anos<br>Tecido\/tela \u2013 At\u00e9 200 anos<\/p>\n\n\n\n<p><strong>Monitores:<\/strong>\u00a0Com tecnologia IPS<br>Possu\u00edmos um espectrofot\u00f4metro i1-Pro, que utilizamos para manter os monitores calibrados.<br>Utilizamos ilumina\u00e7\u00e3o ambiente\u00a0 com l\u00e2mpadas de 5000k e paredes pintadas com tinta na cor Munsell N8, para observa\u00e7\u00e3o dos materiais impressos.<\/p>\n\n\n\n<p><strong>Perfil ICC e materiais<\/strong><br>As impressoras tem um espectrofot\u00f4metro interno (equipamento necess\u00e1rio para cria\u00e7\u00e3o de perfis). Com esse recurso, criamos perfis de cor para todo material que utilizamos. Assim conseguimos ter precis\u00e3o nas cores em todos materiais.<\/p>\n\n\n\n<p><strong>Fechamento de arquivo e Softproof<\/strong>: Conseguimos prever no monitor como sair\u00e1 a impress\u00e3o<br>Estando com a impressora calibrada, monitor calibrado e perfis de cores criados, podemos fazer o fechamento dos arquivos com seguran\u00e7a e precis\u00e3o no resultado. Utilizamos o perfil de cor que criamos na impressora, ou fornecido pelo fabricante da m\u00eddia, para fazer simula\u00e7\u00e3o no monitor de como sair\u00e1 a impress\u00e3o.<br>Assim, independente do formato que recebermos o arquivo em RGB ou CMYK, poderemos usar t\u00e9cnicas adequadas de fechamento de arquivo, para reproduzir sua imagem com qualidade.<\/p>\n","protected":false},"excerpt":{"rendered":"<p>Veja como n\u00f3s fazemos e a tecnologia que usamos: Impressora:\u00a0Canon imagePROGRAF PRO-1000Impressora profissional, com 12 cores e tinta com pigmento mineral.Reproduz as cores da forma como devem ser visualizadas, atrav\u00e9s<\/p>\n","protected":false},"author":1,"featured_media":0,"parent":0,"menu_order":0,"comment_status":"closed","ping_status":"closed","template":"","meta":[],"_links":{"self":[{"href":"https:\/\/sph.net.br\/site\/wp-json\/wp\/v2\/pages\/5497"}],"collection":[{"href":"https:\/\/sph.net.br\/site\/wp-json\/wp\/v2\/pages"}],"about":[{"href":"https:\/\/sph.net.br\/site\/wp-json\/wp\/v2\/types\/page"}],"author":[{"embeddable":true,"href":"https:\/\/sph.net.br\/site\/wp-json\/wp\/v2\/users\/1"}],"replies":[{"embeddable":true,"href":"https:\/\/sph.net.br\/site\/wp-json\/wp\/v2\/comments?post=5497"}],"version-history":[{"count":6,"href":"https:\/\/sph.net.br\/site\/wp-json\/wp\/v2\/pages\/5497\/revisions"}],"predecessor-version":[{"id":15399,"href":"https:\/\/sph.net.br\/site\/wp-json\/wp\/v2\/pages\/5497\/revisions\/15399"}],"wp:attachment":[{"href":"https:\/\/sph.net.br\/site\/wp-json\/wp\/v2\/media?parent=5497"}],"curies":[{"name":"wp","href":"https:\/\/api.w.org\/{rel}","templated":true}]}}