{"id":5469,"date":"2019-12-28T02:49:22","date_gmt":"2019-12-28T02:49:22","guid":{"rendered":"https:\/\/sph.net.br\/site\/?page_id=5469"},"modified":"2021-10-12T23:08:05","modified_gmt":"2021-10-13T02:08:05","slug":"sobre","status":"publish","type":"page","link":"https:\/\/sph.net.br\/site\/sobre\/","title":{"rendered":"Sobre n\u00f3s"},"content":{"rendered":"\n<p>A SPH Comunica\u00e7\u00e3o Visual vem realizando suas atividades no estado do Cear\u00e1 desde 2000, com sua sede estabelecida em regi\u00e3o privilegiada, pr\u00f3ximo ao centro de Fortaleza.<\/p>\n\n\n\n<p>Acreditamos que devemos trabalhar com seriedade, profissionalismo e honestidade, pois s\u00e3o estes valores que nos d\u00e3o credibilidade junto com nossos clientes e fornecedores.<\/p>\n\n\n\n<p>Entendemos que cada servi\u00e7o deve ser tratado como um projeto. Desta forma, tentamos aplicar conceitos abordados no PMBOK\u00ae (Project Management Body of Knowledge).<\/p>\n\n\n\n<p>O uso de equipamentos de alta tecnologia e a preocupa\u00e7\u00e3o em sempre utilizar t\u00e9cnicas e materiais indicados para cada finalidade faz com que a SPH esteja sempre apta a prestar \u00f3timos servi\u00e7os.<\/p>\n\n\n\n<p>A soma de nossa experi\u00eancia com os valores em que acreditamos \u00e9 o que faz a SPH estar evoluindo a cada dia.<\/p>\n\n\n\n<p>VIS\u00c3O<br>Ser refer\u00eancia, como empresa de comunica\u00e7\u00e3o visual, em todo o Brasil.<\/p>\n\n\n\n<p>MISS\u00c3O<br>Prestar servi\u00e7os de comunica\u00e7\u00e3o visual, com um bom atendimento, de forma que satisfa\u00e7am as necessidades dos clientes.<\/p>\n\n\n\n<p>VALORES<br>Seriedade, profissionalismo e honestidade.<\/p>\n\n\n\n<p><\/p>\n\n\n\n<div class=\"wp-block-group\"><div class=\"wp-block-group__inner-container\"><\/div><\/div>\n","protected":false},"excerpt":{"rendered":"<p>A SPH Comunica\u00e7\u00e3o Visual vem realizando suas atividades no estado do Cear\u00e1 desde 2000, com sua sede estabelecida em regi\u00e3o privilegiada, pr\u00f3ximo ao centro de Fortaleza. Acreditamos que devemos trabalhar<\/p>\n","protected":false},"author":1,"featured_media":0,"parent":0,"menu_order":0,"comment_status":"closed","ping_status":"closed","template":"","meta":[],"_links":{"self":[{"href":"https:\/\/sph.net.br\/site\/wp-json\/wp\/v2\/pages\/5469"}],"collection":[{"href":"https:\/\/sph.net.br\/site\/wp-json\/wp\/v2\/pages"}],"about":[{"href":"https:\/\/sph.net.br\/site\/wp-json\/wp\/v2\/types\/page"}],"author":[{"embeddable":true,"href":"https:\/\/sph.net.br\/site\/wp-json\/wp\/v2\/users\/1"}],"replies":[{"embeddable":true,"href":"https:\/\/sph.net.br\/site\/wp-json\/wp\/v2\/comments?post=5469"}],"version-history":[{"count":4,"href":"https:\/\/sph.net.br\/site\/wp-json\/wp\/v2\/pages\/5469\/revisions"}],"predecessor-version":[{"id":15444,"href":"https:\/\/sph.net.br\/site\/wp-json\/wp\/v2\/pages\/5469\/revisions\/15444"}],"wp:attachment":[{"href":"https:\/\/sph.net.br\/site\/wp-json\/wp\/v2\/media?parent=5469"}],"curies":[{"name":"wp","href":"https:\/\/api.w.org\/{rel}","templated":true}]}}