{"id":15403,"date":"2021-07-27T08:44:46","date_gmt":"2021-07-27T11:44:46","guid":{"rendered":"https:\/\/sph.net.br\/?page_id=15403"},"modified":"2021-07-27T20:55:25","modified_gmt":"2021-07-27T23:55:25","slug":"crie-e-imprima-suas-artes-100-online","status":"publish","type":"page","link":"https:\/\/sph.net.br\/site\/crie-e-imprima-suas-artes-100-online\/","title":{"rendered":"Crie e Imprima suas artes 100% online"},"content":{"rendered":"\n<p><strong>Por onde eu come\u00e7o?<\/strong><\/p>\n\n\n\n<p>1\u00ba Passo &#8211; Selecione o item que voc\u00ea quer<\/p>\n\n\n\n<figure class=\"wp-block-image size-large\"><img loading=\"lazy\" width=\"1024\" height=\"541\" src=\"https:\/\/sph.net.br\/site\/wp-content\/uploads\/2021\/07\/selecione-1-1024x541.jpg\" alt=\"\" class=\"wp-image-15406\" srcset=\"https:\/\/sph.net.br\/site\/wp-content\/uploads\/2021\/07\/selecione-1-1024x541.jpg 1024w, https:\/\/sph.net.br\/site\/wp-content\/uploads\/2021\/07\/selecione-1-300x158.jpg 300w, https:\/\/sph.net.br\/site\/wp-content\/uploads\/2021\/07\/selecione-1-768x406.jpg 768w, https:\/\/sph.net.br\/site\/wp-content\/uploads\/2021\/07\/selecione-1-1536x811.jpg 1536w, https:\/\/sph.net.br\/site\/wp-content\/uploads\/2021\/07\/selecione-1-600x317.jpg 600w, https:\/\/sph.net.br\/site\/wp-content\/uploads\/2021\/07\/selecione-1.jpg 1920w\" sizes=\"(max-width: 1024px) 100vw, 1024px\" \/><\/figure>\n\n\n\n<p>2\u00ba Passo &#8211; Clique no bot\u00e3o Iniciar Design<\/p>\n\n\n\n<figure class=\"wp-block-image size-large\"><img loading=\"lazy\" width=\"1024\" height=\"632\" src=\"https:\/\/sph.net.br\/site\/wp-content\/uploads\/2021\/07\/iniciar-1-1024x632.png\" alt=\"\" class=\"wp-image-15410\" srcset=\"https:\/\/sph.net.br\/site\/wp-content\/uploads\/2021\/07\/iniciar-1-1024x632.png 1024w, https:\/\/sph.net.br\/site\/wp-content\/uploads\/2021\/07\/iniciar-1-300x185.png 300w, https:\/\/sph.net.br\/site\/wp-content\/uploads\/2021\/07\/iniciar-1-768x474.png 768w, https:\/\/sph.net.br\/site\/wp-content\/uploads\/2021\/07\/iniciar-1-600x371.png 600w, https:\/\/sph.net.br\/site\/wp-content\/uploads\/2021\/07\/iniciar-1.png 1441w\" sizes=\"(max-width: 1024px) 100vw, 1024px\" \/><\/figure>\n\n\n\n<p>3\u00ba Passo &#8211; Voc\u00ea j\u00e1 est\u00e1 na ferramenta de desenho online!<\/p>\n\n\n\n<p>Voc\u00ea pode clicar na &#8220;?&#8221; para um breve tutorial.<\/p>\n\n\n\n<figure class=\"wp-block-image size-large\"><img loading=\"lazy\" width=\"1024\" height=\"540\" src=\"https:\/\/sph.net.br\/site\/wp-content\/uploads\/2021\/07\/ajuda-1024x540.png\" alt=\"\" class=\"wp-image-15412\" srcset=\"https:\/\/sph.net.br\/site\/wp-content\/uploads\/2021\/07\/ajuda-1024x540.png 1024w, https:\/\/sph.net.br\/site\/wp-content\/uploads\/2021\/07\/ajuda-300x158.png 300w, https:\/\/sph.net.br\/site\/wp-content\/uploads\/2021\/07\/ajuda-768x405.png 768w, https:\/\/sph.net.br\/site\/wp-content\/uploads\/2021\/07\/ajuda-600x317.png 600w, https:\/\/sph.net.br\/site\/wp-content\/uploads\/2021\/07\/ajuda.png 1440w\" sizes=\"(max-width: 1024px) 100vw, 1024px\" \/><\/figure>\n\n\n\n<p>4\u00ba Passo &#8211; Agora \u00e9 s\u00f3 voc\u00ea fazer a sua arte e quando finalizar, clique no bot\u00e3o &#8220;Processo&#8221;.<\/p>\n\n\n\n<figure class=\"wp-block-image size-large\"><img loading=\"lazy\" width=\"1024\" height=\"535\" src=\"https:\/\/sph.net.br\/site\/wp-content\/uploads\/2021\/07\/processo-1024x535.png\" alt=\"\" class=\"wp-image-15416\" srcset=\"https:\/\/sph.net.br\/site\/wp-content\/uploads\/2021\/07\/processo-1024x535.png 1024w, https:\/\/sph.net.br\/site\/wp-content\/uploads\/2021\/07\/processo-300x157.png 300w, https:\/\/sph.net.br\/site\/wp-content\/uploads\/2021\/07\/processo-768x401.png 768w, https:\/\/sph.net.br\/site\/wp-content\/uploads\/2021\/07\/processo-1536x803.png 1536w, https:\/\/sph.net.br\/site\/wp-content\/uploads\/2021\/07\/processo-2048x1071.png 2048w, https:\/\/sph.net.br\/site\/wp-content\/uploads\/2021\/07\/processo-600x314.png 600w\" sizes=\"(max-width: 1024px) 100vw, 1024px\" \/><\/figure>\n\n\n\n<p><\/p>\n","protected":false},"excerpt":{"rendered":"<p>Por onde eu come\u00e7o? 1\u00ba Passo &#8211; Selecione o item que voc\u00ea quer 2\u00ba Passo &#8211; Clique no bot\u00e3o Iniciar Design 3\u00ba Passo &#8211; Voc\u00ea j\u00e1 est\u00e1 na ferramenta de<\/p>\n","protected":false},"author":1,"featured_media":0,"parent":0,"menu_order":0,"comment_status":"closed","ping_status":"closed","template":"","meta":[],"_links":{"self":[{"href":"https:\/\/sph.net.br\/site\/wp-json\/wp\/v2\/pages\/15403"}],"collection":[{"href":"https:\/\/sph.net.br\/site\/wp-json\/wp\/v2\/pages"}],"about":[{"href":"https:\/\/sph.net.br\/site\/wp-json\/wp\/v2\/types\/page"}],"author":[{"embeddable":true,"href":"https:\/\/sph.net.br\/site\/wp-json\/wp\/v2\/users\/1"}],"replies":[{"embeddable":true,"href":"https:\/\/sph.net.br\/site\/wp-json\/wp\/v2\/comments?post=15403"}],"version-history":[{"count":7,"href":"https:\/\/sph.net.br\/site\/wp-json\/wp\/v2\/pages\/15403\/revisions"}],"predecessor-version":[{"id":15418,"href":"https:\/\/sph.net.br\/site\/wp-json\/wp\/v2\/pages\/15403\/revisions\/15418"}],"wp:attachment":[{"href":"https:\/\/sph.net.br\/site\/wp-json\/wp\/v2\/media?parent=15403"}],"curies":[{"name":"wp","href":"https:\/\/api.w.org\/{rel}","templated":true}]}}