{"id":5363,"date":"2021-06-13T03:00:09","date_gmt":"2021-06-13T03:00:09","guid":{"rendered":"https:\/\/sph.net.br\/grafica\/?page_id=5363"},"modified":"2026-01-04T23:28:32","modified_gmt":"2026-01-05T02:28:32","slug":"valores","status":"publish","type":"page","link":"https:\/\/sph.net.br\/grafica\/valores","title":{"rendered":"Valores"},"content":{"rendered":"<p>Os valores est\u00e3o baseados na tabela abaixo:<\/p><figure class=\"wp-block-table is-style-stripes\"><table><thead><tr><th>#<\/th><th>Material<\/th><th>Pre\u00e7o (R$)<\/th><\/tr><\/thead><tbody><tr><th>1<\/th><td>Promocional<\/td><td>16,50\/m\u00b2<\/td><\/tr><tr><th>2<\/th><td>Intermedi\u00e1rio (Brilho\/Fosco)<\/td><td>22,00\/m\u00b2<\/td><\/tr><tr><th>3<\/th><td>Transparente<\/td><td>25,50\/m\u00b2<\/td><\/tr><tr><th>4<\/th><td>Blockout<\/td><td>25,50\/m\u00b2<\/td><\/tr><tr><th>5<\/th><td>Perfurado<\/td><td>40,00\/m\u00b2<\/td><\/tr><tr><th>6<\/th><td>Adesivo  com corte de contorno (Brilho\/Fosco\/Transparente)<\/td><td>40,00\/m\u00b2 + R$ 5,00 (fixo)<\/td><\/tr><tr><th>7<\/th><td>Lona 280g<\/td><td>19,00\/m\u00b2<\/td><\/tr><tr><th>8<\/th><td>Lona 440g<\/td><td>23,00\/m\u00b2<\/td><\/tr><tr><th>9<\/th><td>Lona Backlight<\/td><td>40,00\/m\u00b2<\/td><\/tr><tr><th>10<\/th><td>Banner ou Faixa ou Lona com ilh\u00f3s &#8211; lona 280g<\/td><td>22,00\/m\u00b2 + R$ 6,00 (fixo)<\/td><\/tr><tr><th>11<\/th><td>Banner ou Faixa&nbsp;ou Lona com ilh\u00f3s &#8211; lona 440g<\/td><td>28,00\/m\u00b2 + R$ 6,00 (fixo)<\/td><\/tr><tr><th>12<\/th><td>Canvas (rolo com 1,05m de largura \u00fatil)<\/td><td>127,00\/m linear (+R$ 60,00 fixo se for na l\u00e1tex)<\/td><\/tr><tr><th><\/th><td><\/td><td><\/td><\/tr><\/tbody><\/table><\/figure><p>Pagamentos com cart\u00e3o de cr\u00e9dito tem acr\u00e9scimo de 5% + juros de parcelamento.<\/p><p><strong>Pagamento presencial apenas por Pix<\/strong><br><strong>PIX<\/strong>: mercadopago@sph.net.br<\/p><p><\/p>","protected":false},"excerpt":{"rendered":"<p>Os valores est\u00e3o baseados na tabela abaixo: # Material Pre\u00e7o (R$) 1 Promocional 16,50\/m\u00b2 2 Intermedi\u00e1rio (Brilho\/Fosco) 22,00\/m\u00b2 3 Transparente 25,50\/m\u00b2 4 Blockout 25,50\/m\u00b2 5 Perfurado 40,00\/m\u00b2 6 Adesivo com corte de contorno (Brilho\/Fosco\/Transparente) 40,00\/m\u00b2 + R$ 5,00 (fixo) 7 Lona 280g 19,00\/m\u00b2 8 Lona 440g 23,00\/m\u00b2 9 Lona Backlight 40,00\/m\u00b2 10 Banner ou Faixa [&hellip;]<\/p>\n","protected":false},"author":1,"featured_media":0,"parent":0,"menu_order":0,"comment_status":"closed","ping_status":"closed","template":"","meta":{"footnotes":""},"class_list":["post-5363","page","type-page","status-publish","hentry"],"_links":{"self":[{"href":"https:\/\/sph.net.br\/grafica\/wp-json\/wp\/v2\/pages\/5363","targetHints":{"allow":["GET"]}}],"collection":[{"href":"https:\/\/sph.net.br\/grafica\/wp-json\/wp\/v2\/pages"}],"about":[{"href":"https:\/\/sph.net.br\/grafica\/wp-json\/wp\/v2\/types\/page"}],"author":[{"embeddable":true,"href":"https:\/\/sph.net.br\/grafica\/wp-json\/wp\/v2\/users\/1"}],"replies":[{"embeddable":true,"href":"https:\/\/sph.net.br\/grafica\/wp-json\/wp\/v2\/comments?post=5363"}],"version-history":[{"count":37,"href":"https:\/\/sph.net.br\/grafica\/wp-json\/wp\/v2\/pages\/5363\/revisions"}],"predecessor-version":[{"id":16227,"href":"https:\/\/sph.net.br\/grafica\/wp-json\/wp\/v2\/pages\/5363\/revisions\/16227"}],"wp:attachment":[{"href":"https:\/\/sph.net.br\/grafica\/wp-json\/wp\/v2\/media?parent=5363"}],"curies":[{"name":"wp","href":"https:\/\/api.w.org\/{rel}","templated":true}]}}