{"id":5361,"date":"2021-06-13T02:56:19","date_gmt":"2021-06-13T02:56:19","guid":{"rendered":"https:\/\/sph.net.br\/grafica\/?page_id=5361"},"modified":"2021-07-25T17:16:34","modified_gmt":"2021-07-25T20:16:34","slug":"nosso-processo","status":"publish","type":"page","link":"https:\/\/sph.net.br\/grafica\/nosso-processo","title":{"rendered":"Nosso Processo"},"content":{"rendered":"<p>Ap\u00f3s finalizar o pedido, envie seus arquivos para o e-mail revenda@sph.net.br e informe o c\u00f3digo do pedido no assunto do e-mail.<\/p><p>Os arquivos recebidos somente come\u00e7ar\u00e3o a ser impressos no pr\u00f3ximo dia \u00fatil. Juntamos todos os arquivos recebidos em uma mesma data para fazermos encaixes e reduzir as perdas de material.<\/p><p>Nos programamos para entregar pedidos de pequenas quantidades&nbsp;(menores que 10m<sup>2<\/sup>) at\u00e9 o final do pr\u00f3ximo dia \u00fatil. Nosso prazo n\u00e3o \u00e9 de 24h. Para pedidos grandes \u00e9 necess\u00e1rio consultar o prazo de entrega.<\/p><p>Impress\u00f5es que podem gerar uma grande perda de material, somente ser\u00e3o feitas no dia \u00fatil seguinte se houver encaixes para n\u00e3o haver perda de material. No caso de um adesivo medindo 4,0m x 0,20m, por exemplo, o cliente deve informar se o material pode ser impresso em peda\u00e7os ou ser vai aguardar aparecer outros arquivos para encaixe.<\/p><p>Confira seu material na hora da coleta. N\u00e3o nos responsabilizamos por falhas, manchas, arranh\u00f5es e rasgos depois que o material sair da empresa.<\/p>","protected":false},"excerpt":{"rendered":"<p>Ap\u00f3s finalizar o pedido, envie seus arquivos para o e-mail revenda@sph.net.br e informe o c\u00f3digo do pedido no assunto do e-mail. Os arquivos recebidos somente come\u00e7ar\u00e3o a ser impressos no pr\u00f3ximo dia \u00fatil. Juntamos todos os arquivos recebidos em uma mesma data para fazermos encaixes e reduzir as perdas de material. Nos programamos para entregar [&hellip;]<\/p>\n","protected":false},"author":1,"featured_media":0,"parent":0,"menu_order":0,"comment_status":"closed","ping_status":"closed","template":"","meta":{"footnotes":""},"class_list":["post-5361","page","type-page","status-publish","hentry"],"_links":{"self":[{"href":"https:\/\/sph.net.br\/grafica\/wp-json\/wp\/v2\/pages\/5361","targetHints":{"allow":["GET"]}}],"collection":[{"href":"https:\/\/sph.net.br\/grafica\/wp-json\/wp\/v2\/pages"}],"about":[{"href":"https:\/\/sph.net.br\/grafica\/wp-json\/wp\/v2\/types\/page"}],"author":[{"embeddable":true,"href":"https:\/\/sph.net.br\/grafica\/wp-json\/wp\/v2\/users\/1"}],"replies":[{"embeddable":true,"href":"https:\/\/sph.net.br\/grafica\/wp-json\/wp\/v2\/comments?post=5361"}],"version-history":[{"count":1,"href":"https:\/\/sph.net.br\/grafica\/wp-json\/wp\/v2\/pages\/5361\/revisions"}],"predecessor-version":[{"id":5362,"href":"https:\/\/sph.net.br\/grafica\/wp-json\/wp\/v2\/pages\/5361\/revisions\/5362"}],"wp:attachment":[{"href":"https:\/\/sph.net.br\/grafica\/wp-json\/wp\/v2\/media?parent=5361"}],"curies":[{"name":"wp","href":"https:\/\/api.w.org\/{rel}","templated":true}]}}